{"id":8908,"date":"2014-12-09T10:05:00","date_gmt":"2014-12-09T10:05:00","guid":{"rendered":"https:\/\/abogadosmc.com\/contacto\/"},"modified":"2021-06-09T18:03:11","modified_gmt":"2021-06-09T18:03:11","slug":"contacto","status":"publish","type":"page","link":"https:\/\/abogadosmc.com\/en\/contacto\/","title":{"rendered":"CONTACT"},"content":{"rendered":"<p>[et_pb_section fb_built=&#8221;1&#8243; _builder_version=&#8221;4.9.4&#8243; _module_preset=&#8221;default&#8221; background_color=&#8221;rgba(165,0,5,0)&#8221; background_image=&#8221;https:\/\/abogadosmc.com\/wp-content\/uploads\/2021\/06\/Header.jpg&#8221;][et_pb_row _builder_version=&#8221;4.9.4&#8243; _module_preset=&#8221;default&#8221;][et_pb_column type=&#8221;4_4&#8243; _builder_version=&#8221;4.9.4&#8243; _module_preset=&#8221;default&#8221;][et_pb_text _builder_version=&#8221;4.9.4&#8243; _module_preset=&#8221;default&#8221; header_font=&#8221;|600|||||||&#8221; header_text_align=&#8221;center&#8221; header_text_color=&#8221;#FFFFFF&#8221; header_font_size=&#8221;33px&#8221;]<\/p>\n<h1>CONTACT<\/h1>\n<p>[\/et_pb_text][\/et_pb_column][\/et_pb_row][\/et_pb_section][et_pb_section fb_built=&#8221;1&#8243; admin_label=&#8221;section&#8221; _builder_version=&#8221;3.22&#8243;][et_pb_row column_structure=&#8221;1_5,3_5,1_5&#8243; admin_label=&#8221;row&#8221; _builder_version=&#8221;3.25&#8243; background_size=&#8221;initial&#8221; background_position=&#8221;top_left&#8221; background_repeat=&#8221;repeat&#8221;][et_pb_column type=&#8221;1_5&#8243; _builder_version=&#8221;3.25&#8243; custom_padding=&#8221;|||&#8221; custom_padding__hover=&#8221;|||&#8221;][\/et_pb_column][et_pb_column type=&#8221;3_5&#8243; _builder_version=&#8221;3.25&#8243; custom_padding=&#8221;|||&#8221; custom_padding__hover=&#8221;|||&#8221;][et_pb_text _builder_version=&#8221;4.9.4&#8243; _module_preset=&#8221;default&#8221; header_text_align=&#8221;center&#8221; custom_margin=&#8221;||-3px|||&#8221; hover_enabled=&#8221;0&#8243; sticky_enabled=&#8221;0&#8243;]<\/p>\n<h1>LOCATION<\/h1>\n<p>[\/et_pb_text][et_pb_image src=&#8221;https:\/\/abogadosmc.com\/wp-content\/uploads\/2021\/06\/separador.jpg&#8221; align=&#8221;center&#8221; _builder_version=&#8221;4.9.4&#8243; _module_preset=&#8221;default&#8221;][\/et_pb_image][\/et_pb_column][et_pb_column type=&#8221;1_5&#8243; _builder_version=&#8221;3.25&#8243; custom_padding=&#8221;|||&#8221; custom_padding__hover=&#8221;|||&#8221;][\/et_pb_column][\/et_pb_row][et_pb_row column_structure=&#8221;3_5,2_5&#8243; _builder_version=&#8221;4.9.4&#8243; _module_preset=&#8221;default&#8221;][et_pb_column type=&#8221;3_5&#8243; _builder_version=&#8221;4.9.4&#8243; _module_preset=&#8221;default&#8221;][et_pb_code _builder_version=&#8221;4.9.4&#8243; _module_preset=&#8221;default&#8221;]<iframe src=\"https:\/\/www.google.com\/maps\/embed?pb=!1m14!1m8!1m3!1d7061.043143614923!2d-15.579408!3d27.762899!3m2!1i1024!2i768!4f13.1!3m3!1m2!1s0xc3f62bbd1a2ea19%3A0x22553a2d8ac780d7!2sAv.%20de%20Tirajana%2C%2037%2C%2035100%20Maspalomas%2C%20Las%20Palmas!5e0!3m2!1ses!2ses!4v1623255747549!5m2!1ses!2ses\" width=\"100%\" height=\"375\" style=\"border:0;\" allowfullscreen=\"\" loading=\"lazy\"><\/iframe>[\/et_pb_code][\/et_pb_column][et_pb_column type=&#8221;2_5&#8243; _builder_version=&#8221;4.9.4&#8243; _module_preset=&#8221;default&#8221;][et_pb_text _builder_version=&#8221;4.9.4&#8243; _module_preset=&#8221;default&#8221;]<\/p>\n<h3>Informaci\u00f3n de Contacto<\/h3>\n<p><strong>Direcci\u00f3n:<br \/><\/strong>\u00a0Avda. de Tirajana, 37. Edif. Mercurio, Torre II, 2\u00ba I, 35100\u00a0Playa del Ingl\u00e9s, Las Palmas<\/p>\n<p><strong>Email:<br \/><\/strong>info@abogadosmc.com<\/p>\n<p><strong>Tel\u00e9fono:<br \/><\/strong>(+34) 928 778 756 | 638 798 492<\/p>\n<p><strong>Fax:<br \/><\/strong>(+34) 928 778 954<\/p>\n<p><strong>Horario:<br \/><\/strong>Lunes-Viernes :\u00a0<span>10:00 horas a 17:00 horas<\/span><\/p>\n<p>Para concertar cita , llamar previamente o enviar e-mail.<\/p>\n<p>[\/et_pb_text][\/et_pb_column][\/et_pb_row][et_pb_row _builder_version=&#8221;4.9.4&#8243; _module_preset=&#8221;default&#8221;][et_pb_column type=&#8221;4_4&#8243; _builder_version=&#8221;4.9.4&#8243; _module_preset=&#8221;default&#8221;][et_pb_text _builder_version=&#8221;4.9.4&#8243; _module_preset=&#8221;default&#8221; animation_style=&#8221;zoom&#8221; hover_enabled=&#8221;0&#8243; sticky_enabled=&#8221;0&#8243;]<\/p>\n<blockquote>\n<h2>To contact us, call (0034) 928 778 756. We will be happy to assist you.<\/h2>\n<\/blockquote>\n<p>[\/et_pb_text][\/et_pb_column][\/et_pb_row][\/et_pb_section]<\/p>\n","protected":false},"excerpt":{"rendered":"<p>CONTACTLOCATIONInformaci\u00f3n de Contacto Direcci\u00f3n:\u00a0Avda. de Tirajana, 37. Edif. Mercurio, Torre II, 2\u00ba I, 35100\u00a0Playa del Ingl\u00e9s, Las Palmas Email:info@abogadosmc.com Tel\u00e9fono:(+34) 928 778 756 | 638 798 492 Fax:(+34) 928 778 954 Horario:Lunes-Viernes :\u00a010:00 horas a 17:00 horas Para concertar cita , llamar previamente o enviar e-mail. To contact us, call (0034) 928 778 756. We [&hellip;]<\/p>\n","protected":false},"author":1,"featured_media":0,"parent":0,"menu_order":0,"comment_status":"open","ping_status":"open","template":"","meta":{"_et_pb_use_builder":"on","_et_pb_old_content":"[:es][vc_row css=\".vc_custom_1459414503751{margin-top: 40px !important;}\"][vc_column][vc_row_inner][vc_column_inner width=\"1\/6\"][\/vc_column_inner][vc_column_inner width=\"2\/3\"][separator headline=\"h1\" style=\"center\" width_style=\"short\" title=\"D\u00d3NDE ESTAMOS\"][\/vc_column_inner][vc_column_inner width=\"1\/6\"][\/vc_column_inner][\/vc_row_inner][\/vc_column][\/vc_row][vc_row css=\".vc_custom_1430338831721{margin-bottom: 40px !important;padding-top: 55px !important;}\"][vc_column width=\"2\/3\"][vc_column_text]<iframe style=\"border: 0;\" src=\"https:\/\/www.google.com\/maps\/embed?pb=!1m18!1m12!1m3!1d3530.5205393434508!2d-15.581404384545644!3d27.762930829653076!2m3!1f0!2f0!3f0!3m2!1i1024!2i768!4f13.1!3m3!1m2!1s0xc3f62bbd1a2ea19%3A0x22553a2d8ac780d7!2sAv.+de+Tirajana%2C+37%2C+35100+Maspalomas%2C+Las+Palmas!5e0!3m2!1ses!2ses!4v1459414275479\" width=\"100%\" height=\"450\" frameborder=\"0\" allowfullscreen=\"allowfullscreen\"><\/iframe>[\/vc_column_text][\/vc_column][vc_column width=\"1\/3\"][vc_column_text]\r\n<h3>Informaci\u00f3n de Contacto<\/h3>\r\n<strong>Direcci\u00f3n:\r\n<\/strong>\u00a0Avda. de Tirajana, 37. Edif. Mercurio, Torre II, 2\u00ba I, 35100\u00a0Playa del Ingl\u00e9s, Las Palmas\r\n\r\n<strong>Email:\r\n<\/strong>info@abogadosmc.com\r\n\r\n<strong>Tel\u00e9fono:\r\n<\/strong>(+34) 928 778 756 | 638 798 492\r\n\r\n<strong>Fax:\r\n<\/strong>(+34) 928 778 954\r\n\r\n<strong>Horario:\r\n<\/strong>Lunes-Viernes :\u00a0<span style=\"line-height: 1.5;\">10:00 horas a 17:00 horas<\/span>\r\n\r\nPara concertar cita , llamar previamente o enviar e-mail.[\/vc_column_text][\/vc_column][\/vc_row][vc_row][vc_column width=\"1\/6\"][\/vc_column][vc_column width=\"2\/3\"][vc_column_text css_animation=\"appear\"]\r\n<blockquote>\r\n<h2>Ll\u00e1menos al \u00a0(0034) 928 778 756 o env\u00ede un email info@abogadosmc.com. Estaremos encantados de atenderle.<\/h2>\r\n<\/blockquote>\r\n<strong>\u00a0<\/strong>[\/vc_column_text][\/vc_column][vc_column width=\"1\/6\"][\/vc_column][\/vc_row][:fr][vc_row css=\".vc_custom_1459414503751{margin-top: 40px !important;}\"][vc_column][vc_row_inner][vc_column_inner width=\"1\/6\"][\/vc_column_inner][vc_column_inner width=\"2\/3\"][separator headline=\"h1\" style=\"center\" width_style=\"short\" title=\"O\u00d9 SOMMES-NOUS\"][\/vc_column_inner][vc_column_inner width=\"1\/6\"][\/vc_column_inner][\/vc_row_inner][\/vc_column][\/vc_row][vc_row css=\".vc_custom_1430338831721{margin-bottom: 40px !important;padding-top: 55px !important;}\"][vc_column width=\"2\/3\"][vc_column_text]<iframe style=\"border: 0;\" src=\"https:\/\/www.google.com\/maps\/embed?pb=!1m18!1m12!1m3!1d3530.5205393434508!2d-15.581404384545644!3d27.762930829653076!2m3!1f0!2f0!3f0!3m2!1i1024!2i768!4f13.1!3m3!1m2!1s0xc3f62bbd1a2ea19%3A0x22553a2d8ac780d7!2sAv.+de+Tirajana%2C+37%2C+35100+Maspalomas%2C+Las+Palmas!5e0!3m2!1ses!2ses!4v1459414275479\" width=\"100%\" height=\"450\" frameborder=\"0\" allowfullscreen=\"allowfullscreen\"><\/iframe>[\/vc_column_text][\/vc_column][vc_column width=\"1\/3\"][vc_column_text]\r\n<h3>POSEZ-NOUS VOTRE QUESTION<\/h3>\r\n<strong>Direcci\u00f3n:\r\n<\/strong>\u00a0Avda. de Tirajana, 37. Edif. Mercurio, Torre II, 2\u00ba I, 35100\u00a0Playa del Ingl\u00e9s, Las Palmas\r\n\r\n<strong>Email:\r\n<\/strong>info@abogadosmc.com\r\n\r\n<strong>Tel\u00e9fono:\r\n<\/strong>(+34) 928 778 756 | 638 798 492\r\n\r\n<strong>Fax:\r\n<\/strong>(+34) 928 778 954\r\n\r\n<strong>Horario:\r\n<\/strong>Lunes-Viernes :\u00a0<span style=\"line-height: 1.5;\">10:00 horas a 17:00 horas<\/span>\r\n\r\nPara concertar cita , llamar previamente o enviar e-mail.[\/vc_column_text][\/vc_column][\/vc_row][vc_row][vc_column width=\"1\/6\"][\/vc_column][vc_column width=\"2\/3\"][vc_column_text css_animation=\"appear\"]\r\n<blockquote>\r\n<h2>Appelez-nous au (0034) 928 778 756. Nous serons enchant\u00e9s de vous accompagner.<\/h2>\r\n<h2>Des solutions \u00e0 la mesure de chaque client. Implication et transparence.<\/h2>\r\n<\/blockquote>\r\n<strong>\u00a0<\/strong>[\/vc_column_text][\/vc_column][vc_column width=\"1\/6\"][\/vc_column][\/vc_row][:de][vc_row css=\".vc_custom_1459414503751{margin-top: 40px !important;}\"][vc_column][vc_row_inner][vc_column_inner width=\"1\/6\"][\/vc_column_inner][vc_column_inner width=\"2\/3\"][separator headline=\"h1\" style=\"center\" width_style=\"short\" title=\"UNSER STANDORT\"][\/vc_column_inner][vc_column_inner width=\"1\/6\"][\/vc_column_inner][\/vc_row_inner][\/vc_column][\/vc_row][vc_row css=\".vc_custom_1430338831721{margin-bottom: 40px !important;padding-top: 55px !important;}\"][vc_column width=\"2\/3\"][vc_column_text]<iframe style=\"border: 0;\" src=\"https:\/\/www.google.com\/maps\/embed?pb=!1m18!1m12!1m3!1d3530.5205393434508!2d-15.581404384545644!3d27.762930829653076!2m3!1f0!2f0!3f0!3m2!1i1024!2i768!4f13.1!3m3!1m2!1s0xc3f62bbd1a2ea19%3A0x22553a2d8ac780d7!2sAv.+de+Tirajana%2C+37%2C+35100+Maspalomas%2C+Las+Palmas!5e0!3m2!1ses!2ses!4v1459414275479\" width=\"100%\" height=\"450\" frameborder=\"0\" allowfullscreen=\"allowfullscreen\"><\/iframe>[\/vc_column_text][\/vc_column][vc_column width=\"1\/3\"][vc_column_text]\r\n<h3>Schicken Sie uns Ihre Anfrage<\/h3>\r\n<strong>Direcci\u00f3n:\r\n<\/strong>\u00a0Avda. de Tirajana, 37. Edif. Mercurio, Torre II, 2\u00ba I, 35100\u00a0Playa del Ingl\u00e9s, Las Palmas\r\n\r\n<strong>Email:\r\n<\/strong>info@abogadosmc.com\r\n\r\n<strong>Tel\u00e9fono:\r\n<\/strong>(+34) 928 778 756 | 638 798 492\r\n\r\n<strong>Fax:\r\n<\/strong>(+34) 928 778 954\r\n\r\n<strong>Horario:\r\n<\/strong>Lunes-Viernes :\u00a0<span style=\"line-height: 1.5;\">10:00 horas a 17:00 horas<\/span>\r\n\r\nPara concertar cita , llamar previamente o enviar e-mail.[\/vc_column_text][\/vc_column][\/vc_row][vc_row][vc_column width=\"1\/6\"][\/vc_column][vc_column width=\"2\/3\"][vc_column_text css_animation=\"appear\"]\r\n<blockquote>\r\n<h2>Rufen Sie uns an unter (0034) 928 778 756. Wir stehen Ihnen gerne zu Diensten.<\/h2>\r\n<h2>Ma\u00dfgeschneiderte L\u00f6sungen f\u00fcr jeden Klienten. Einbeziehung und Transparenz.<\/h2>\r\n<\/blockquote>\r\n[\/vc_column_text][\/vc_column][vc_column width=\"1\/6\"][\/vc_column][\/vc_row][:en][vc_row css=\".vc_custom_1459414503751{margin-top: 40px !important;}\"][vc_column][vc_row_inner][vc_column_inner width=\"1\/6\"][\/vc_column_inner][vc_column_inner width=\"2\/3\"][separator headline=\"h1\" style=\"center\" width_style=\"short\" title=\"LOCATION\"][\/vc_column_inner][vc_column_inner width=\"1\/6\"][\/vc_column_inner][\/vc_row_inner][\/vc_column][\/vc_row][vc_row css=\".vc_custom_1430338831721{margin-bottom: 40px !important;padding-top: 55px !important;}\"][vc_column width=\"2\/3\"][vc_column_text]<iframe style=\"border: 0;\" src=\"https:\/\/www.google.com\/maps\/embed?pb=!1m18!1m12!1m3!1d3530.5205393434508!2d-15.581404384545644!3d27.762930829653076!2m3!1f0!2f0!3f0!3m2!1i1024!2i768!4f13.1!3m3!1m2!1s0xc3f62bbd1a2ea19%3A0x22553a2d8ac780d7!2sAv.+de+Tirajana%2C+37%2C+35100+Maspalomas%2C+Las+Palmas!5e0!3m2!1ses!2ses!4v1459414275479\" width=\"100%\" height=\"450\" frameborder=\"0\" allowfullscreen=\"allowfullscreen\"><\/iframe>[\/vc_column_text][\/vc_column][vc_column width=\"1\/3\"][vc_column_text]\r\n<h3>Informaci\u00f3n de Contacto<\/h3>\r\n<strong>Direcci\u00f3n:\r\n<\/strong>\u00a0Avda. de Tirajana, 37. Edif. Mercurio, Torre II, 2\u00ba I, 35100\u00a0Playa del Ingl\u00e9s, Las Palmas\r\n\r\n<strong>Email:\r\n<\/strong>info@abogadosmc.com\r\n\r\n<strong>Tel\u00e9fono:\r\n<\/strong>(+34) 928 778 756 | 638 798 492\r\n\r\n<strong>Fax:\r\n<\/strong>(+34) 928 778 954\r\n\r\n<strong>Horario:\r\n<\/strong>Lunes-Viernes :\u00a0<span style=\"line-height: 1.5;\">10:00 horas a 17:00 horas<\/span>\r\n\r\nPara concertar cita , llamar previamente o enviar e-mail.[\/vc_column_text][\/vc_column][\/vc_row][vc_row][vc_column width=\"1\/6\"][\/vc_column][vc_column width=\"2\/3\"][vc_column_text css_animation=\"appear\"]\r\n<blockquote>\r\n<h2>To contact us, call (0034) 928 778 756. We will be happy to assist you.<\/h2>\r\n<\/blockquote>\r\n<strong>\u00a0<\/strong>[\/vc_column_text][\/vc_column][vc_column width=\"1\/6\"][\/vc_column][\/vc_row][:No][vc_row css=\".vc_custom_1459414503751{margin-top: 40px !important;}\"][vc_column][vc_row_inner][vc_column_inner width=\"1\/6\"][\/vc_column_inner][vc_column_inner width=\"2\/3\"][separator headline=\"h1\" style=\"center\" width_style=\"short\" title=\"HVOR VI ER\"][\/vc_column_inner][vc_column_inner width=\"1\/6\"][\/vc_column_inner][\/vc_row_inner][\/vc_column][\/vc_row][vc_row css=\".vc_custom_1430338831721{margin-bottom: 40px !important;padding-top: 55px !important;}\"][vc_column width=\"2\/3\"][vc_column_text]<iframe style=\"border: 0;\" src=\"https:\/\/www.google.com\/maps\/embed?pb=!1m18!1m12!1m3!1d3530.5205393434508!2d-15.581404384545644!3d27.762930829653076!2m3!1f0!2f0!3f0!3m2!1i1024!2i768!4f13.1!3m3!1m2!1s0xc3f62bbd1a2ea19%3A0x22553a2d8ac780d7!2sAv.+de+Tirajana%2C+37%2C+35100+Maspalomas%2C+Las+Palmas!5e0!3m2!1ses!2ses!4v1459414275479\" width=\"100%\" height=\"450\" frameborder=\"0\" allowfullscreen=\"allowfullscreen\"><\/iframe>[\/vc_column_text][\/vc_column][vc_column width=\"1\/3\"][vc_column_text]\r\n<h3>Informaci\u00f3n de Contacto<\/h3>\r\n<strong>Direcci\u00f3n:\r\n<\/strong>\u00a0Avda. de Tirajana, 37. Edif. Mercurio, Torre II, 2\u00ba I, 35100\u00a0Playa del Ingl\u00e9s, Las Palmas\r\n\r\n<strong>Email:\r\n<\/strong>info@abogadosmc.com\r\n\r\n<strong>Tel\u00e9fono:\r\n<\/strong>(+34) 928 778 756 | 638 798 492\r\n\r\n<strong>Fax:\r\n<\/strong>(+34) 928 778 954\r\n\r\n<strong>Horario:\r\n<\/strong>Lunes-Viernes :\u00a0<span style=\"line-height: 1.5;\">10:00 horas a 17:00 horas<\/span>\r\n\r\nPara concertar cita , llamar previamente o enviar e-mail.[\/vc_column_text][\/vc_column][\/vc_row][vc_row][vc_column width=\"1\/6\"][\/vc_column][vc_column width=\"2\/3\"][vc_column_text css_animation=\"appear\"]\r\n<blockquote>\r\n<h2>Ring oss p\u00e5 (0034) 928 778 756. Vi vil gjerne bist\u00e5 deg.<\/h2>\r\n<\/blockquote>\r\n<strong>\u00a0<\/strong>[\/vc_column_text][\/vc_column][vc_column width=\"1\/6\"][\/vc_column][\/vc_row][:]","_et_gb_content_width":"","footnotes":""},"class_list":["post-8908","page","type-page","status-publish","hentry"],"_links":{"self":[{"href":"https:\/\/abogadosmc.com\/en\/wp-json\/wp\/v2\/pages\/8908","targetHints":{"allow":["GET"]}}],"collection":[{"href":"https:\/\/abogadosmc.com\/en\/wp-json\/wp\/v2\/pages"}],"about":[{"href":"https:\/\/abogadosmc.com\/en\/wp-json\/wp\/v2\/types\/page"}],"author":[{"embeddable":true,"href":"https:\/\/abogadosmc.com\/en\/wp-json\/wp\/v2\/users\/1"}],"replies":[{"embeddable":true,"href":"https:\/\/abogadosmc.com\/en\/wp-json\/wp\/v2\/comments?post=8908"}],"version-history":[{"count":3,"href":"https:\/\/abogadosmc.com\/en\/wp-json\/wp\/v2\/pages\/8908\/revisions"}],"predecessor-version":[{"id":8953,"href":"https:\/\/abogadosmc.com\/en\/wp-json\/wp\/v2\/pages\/8908\/revisions\/8953"}],"wp:attachment":[{"href":"https:\/\/abogadosmc.com\/en\/wp-json\/wp\/v2\/media?parent=8908"}],"curies":[{"name":"wp","href":"https:\/\/api.w.org\/{rel}","templated":true}]}}