{"id":8870,"date":"2016-03-29T15:27:24","date_gmt":"2016-03-29T15:27:24","guid":{"rendered":"https:\/\/abogadosmc.com\/inicio\/"},"modified":"2026-04-27T08:29:27","modified_gmt":"2026-04-27T08:29:27","slug":"inicio","status":"publish","type":"page","link":"https:\/\/abogadosmc.com\/fr\/","title":{"rendered":"ACCUEIL"},"content":{"rendered":"<div class=\"et_pb_section_0 et_pb_section et_section_regular et_block_section\">\n<div class=\"et_pb_row_0 et_pb_row et_block_row\">\n<div class=\"et_pb_column_0 et_pb_column et_pb_column_4_4 et-last-child et_block_column et_pb_css_mix_blend_mode_passthrough\">\n<div class=\"et_pb_slider_0 et_pb_slider et_pb_slider_fullwidth_off et_animated et_pb_module et_flex_module\"><div class=\"et_pb_slides\">\n<div class=\"et_pb_slide_0 et_pb_slide et_pb_media_alignment_center et_pb_bg_layout_dark\" data-slide-id=\"divi\/slide-0\"><div class=\"et_pb_container\"><div class=\"et_pb_slider_container_inner\"><div class=\"et_pb_slide_description et_flex_module\"><\/div><\/div><\/div><\/div>\n\n<div class=\"et_pb_slide_1 et_pb_slide et_pb_media_alignment_center et_pb_bg_layout_dark\" data-slide-id=\"divi\/slide-1\"><div class=\"et_pb_container\"><div class=\"et_pb_slider_container_inner\"><div class=\"et_pb_slide_description et_flex_module\"><\/div><\/div><\/div><\/div>\n<\/div><\/div>\n<\/div>\n<\/div>\n<\/div>\n\n<div class=\"et_pb_section_1 et_pb_section et_section_regular et_block_section\">\n<div class=\"et_pb_row_1 et_pb_row et_block_row\">\n<div class=\"et_pb_column_1 et_pb_column et_pb_column_4_4 et-last-child et_block_column et_pb_css_mix_blend_mode_passthrough\">\n<div class=\"et_pb_text_0 et_pb_text et_pb_bg_layout_light et_pb_module et_block_module preset--module--divi-text--default\"><div class=\"et_pb_text_inner\"><p><span>Le cabinet\u00a0<\/span><strong>RODR\u00cdGUEZ DE CASTRO ABOGADOS<\/strong><span>\u00a0est un cabinet multilingue qui se trouve au sud de l\u2019\u00eele de Grande Canarie, dans la circonscription judiciaire de San Bartolom\u00e9 de Tirajana, intervenant principalement dans les communes de Mog\u00e1n et de San Bartolom\u00e9 de Tirajana.<\/span><\/p>\n<\/div><\/div>\n<\/div>\n<\/div>\n\n<div class=\"et_pb_row_2 et_pb_row et_block_row\">\n<div class=\"et_pb_column_2 et_pb_column et_pb_column_1_3 et_block_column et_pb_css_mix_blend_mode_passthrough\">\n<div class=\"et_pb_text_1 et_pb_text et_pb_bg_layout_light et_pb_module et_block_module preset--module--divi-text--default\"><div class=\"et_pb_text_inner\"><p><i class=\"fas fa-location-arrow\"><\/i> Avda. de Tirajana, 37. Edif. Mercurio, Torre II, 2\u00ba I, 35100 Playa del Ingl\u00e9s, Las Palmas<br \/>\n<i class=\"fa fa-phone fa-lg\"><\/i> (+34) 928 778 756 | 638 798 492<br \/>\n<i class=\"fa fa-fax fa-lg\"><\/i> (+34) 928 778 954<br \/>\n<i class=\"fa fa-envelope fa-lg\"><\/i> info@abogadosmc.com<br \/>\n<i class=\"fab fa-skype fa-lg\"><\/i> <a href=\"skype:maricarmen.2.abogada1?call\">maricarmen.2<\/a><br \/>\n<a href=\"https:\/\/abogadosmc.com\/contacto\/\"><strong>CONTACTAR<\/strong><\/a><\/p>\n<\/div><\/div>\n<\/div>\n\n<div class=\"et_pb_column_3 et_pb_column et_pb_column_2_3 et-last-child et_block_column et_pb_css_mix_blend_mode_passthrough\">\n<div class=\"et_pb_code_0 et_pb_code et_pb_module\"><div class=\"et_pb_code_inner\"><iframe loading=\"lazy\" style=\"border: 0;\" src=\"https:\/\/www.google.com\/maps\/embed?pb=!1m18!1m12!1m3!1d3530.5205393434508!2d-15.581404384545644!3d27.762930829653076!2m3!1f0!2f0!3f0!3m2!1i1024!2i768!4f13.1!3m3!1m2!1s0xc3f62bbd1a2ea19%3A0x22553a2d8ac780d7!2sAv.+de+Tirajana%2C+37%2C+35100+Maspalomas%2C+Las+Palmas!5e0!3m2!1ses!2ses!4v1459414275479\" width=\"100%\" height=\"200\" frameborder=\"0\" allowfullscreen=\"allowfullscreen\" data-mce-fragment=\"1\"><span style=\"display: inline-block; width: 0px; overflow: hidden; line-height: 0;\" data-mce-type=\"bookmark\" class=\"mce_SELRES_start\">\ufeff<\/span><\/iframe><\/div><\/div>\n<\/div>\n<\/div>\n\n<div class=\"et_pb_row_3 et_pb_row et_block_row\">\n<div class=\"et_pb_column_4 et_pb_column et_pb_column_1_5 et_block_column et_pb_column_empty et_pb_css_mix_blend_mode_passthrough\"><\/div>\n\n<div class=\"et_pb_column_5 et_pb_column et_pb_column_3_5 et_block_column et_pb_css_mix_blend_mode_passthrough\">\n<div class=\"et_pb_text_2 et_pb_text et_pb_bg_layout_light et_pb_module et_block_module preset--module--divi-text--default\"><div class=\"et_pb_text_inner\"><blockquote>\n<h2>Nous vous accueillons en espagnol, en fran\u00e7ais, en anglais et en allemand<\/h2>\n<\/blockquote>\n<\/div><\/div>\n\n<div class=\"et_pb_divider_0 et_pb_divider et_pb_space et_pb_divider_position_top et_pb_module\"><div class=\"et_pb_divider_internal\"><\/div><\/div>\n<\/div>\n\n<div class=\"et_pb_column_6 et_pb_column et_pb_column_1_5 et-last-child et_block_column et_pb_column_empty et_pb_css_mix_blend_mode_passthrough\"><\/div>\n<\/div>\n\n<div class=\"et_pb_row_4 et_pb_row et_block_row\">\n<div class=\"et_pb_column_7 et_pb_column et_pb_column_1_2 et_block_column et_pb_css_mix_blend_mode_passthrough\">\n<div class=\"et_pb_image_0 et_pb_image et_pb_module et_block_module\"><span class=\"et_pb_image_wrap\"><img loading=\"lazy\" decoding=\"async\" src=\"https:\/\/abogadosmc.com\/wp-content\/uploads\/2018\/04\/MARI-CARMEN.jpg\" width=\"640\" height=\"450\" srcset=\"https:\/\/abogadosmc.com\/wp-content\/uploads\/2018\/04\/MARI-CARMEN.jpg 640w, https:\/\/abogadosmc.com\/wp-content\/uploads\/2018\/04\/MARI-CARMEN-480x338.jpg 480w\" sizes=\"(min-width: 0px) and (max-width: 480px) 480px, (min-width: 481px) 640px, 100vw\" class=\"wp-image-8239\" \/><\/span><\/div>\n<\/div>\n\n<div class=\"et_pb_column_8 et_pb_column et_pb_column_1_2 et-last-child et_block_column et_pb_css_mix_blend_mode_passthrough\">\n<div class=\"et_pb_text_3 et_pb_text et_pb_bg_layout_light et_pb_module et_block_module preset--module--divi-text--default\"><div class=\"et_pb_text_inner\"><div class=\"wpb_text_column wpb_content_element \">\n<div class=\"wpb_wrapper\">\n<h2>LA PROPRI\u00c9TAIRE<\/h2>\n<\/div>\n<\/div>\n<div class=\"wpb_text_column wpb_content_element \">\n<div class=\"wpb_wrapper\">\n<p><strong>Mar\u00eda del Carmen Rodr\u00edguez de Castro<\/strong>, avocate en exercice, arbore, en plus d\u2019une vocation professionnelle notoire, une grande et riche exp\u00e9rience de<span>\u00a0<\/span><strong>plus de 20 ans d\u2019exercice<\/strong><span>\u00a0<\/span>de sa profession. Elle intervient sur l\u2019ensemble du territoire national.<\/p>\n<p>Tout au long de ces ann\u00e9es, elle s\u2019est consacr\u00e9e avec honn\u00eatet\u00e9, engagement, loyaut\u00e9 et responsabilit\u00e9 \u00e0 la prestation de services juridiques extrajudiciaires et judiciaires de diff\u00e9rente nature, son parcours se distinguant dans les domaines du droit international priv\u00e9 et du droit civil, dans la sp\u00e9cialit\u00e9 du droit immobilier et d\u2019enregistrement. Au fil des ans, son portefeuille de clients s\u2019est av\u00e9r\u00e9 \u00eatre essentiellement constitu\u00e9 de citoyens \u00e9trangers de diff\u00e9rentes nationalit\u00e9s, r\u00e9sidents et non-r\u00e9sidents.<\/p>\n<\/div>\n<\/div>\n<\/div><\/div>\n<\/div>\n<\/div>\n\n<div class=\"et_pb_row_5 et_pb_row et_block_row\">\n<div class=\"et_pb_column_9 et_pb_column et_pb_column_1_5 et_block_column et_pb_column_empty et_pb_css_mix_blend_mode_passthrough\"><\/div>\n\n<div class=\"et_pb_column_10 et_pb_column et_pb_column_3_5 et_block_column et_pb_css_mix_blend_mode_passthrough\">\n<div class=\"et_pb_divider_1 et_pb_divider et_pb_space et_pb_divider_position_top et_pb_module\"><div class=\"et_pb_divider_internal\"><\/div><\/div>\n\n<div class=\"et_pb_text_4 et_pb_text et_pb_bg_layout_light et_pb_module et_block_module preset--module--divi-text--default\"><div class=\"et_pb_text_inner\"><div class=\"wpb_text_column wpb_content_element \">\n<div class=\"wpb_wrapper\">\n<h2>CABINET<\/h2>\n<\/div>\n<\/div>\n<div class=\"wpb_text_column wpb_content_element \">\n<div class=\"wpb_wrapper\">\n<p>Notre cabinet pr\u00e9tend offrir un service juridique et multidisciplinaire de grande qualit\u00e9 professionnelle et personnelle, avec la volont\u00e9 de r\u00e9pondre au plus haut niveau d\u2019exigence de nos clients, en mettant tous les moyens possibles par les professionnels collaborateurs, en coordination avec la propri\u00e9taire, pour le d\u00e9ploiement de leurs meilleures \u00ab\u00a0aptitudes\u00a0\u00bb professionnelles et \u00ab\u00a0attitudes\u00a0\u00bb personnelles.<\/p>\n<p>Une confidentialit\u00e9 maximale et le respect du secret professionnel.<\/p>\n<\/div>\n<\/div>\n<\/div><\/div>\n\n<div class=\"et_pb_gallery_0 et_pb_gallery et_pb_bg_layout_light et_pb_slider et_pb_gallery_fullwidth clearfix et_pb_module\" data-auto-rotate=\"off\" data-auto-rotate-speed=\"\"><div class=\"et_pb_gallery_items et_post_gallery clearfix\" data-per_page=\"4\"><div class=\"et_pb_gallery_item et_pb_gallery_item_0_0\"><div class=\"et_pb_gallery_image landscape\" data-per_page=\"4\"><a href=\"https:\/\/abogadosmc.com\/wp-content\/uploads\/2018\/07\/sx.jpg\" title=\"\"><img loading=\"lazy\" decoding=\"async\" width=\"800\" height=\"533\" src=\"https:\/\/abogadosmc.com\/wp-content\/uploads\/2018\/07\/sx.jpg\" alt=\"\" class=\"wp-image-8805\" srcset=\"https:\/\/abogadosmc.com\/wp-content\/uploads\/2018\/07\/sx.jpg 800w, https:\/\/abogadosmc.com\/wp-content\/uploads\/2018\/07\/sx-480x320.jpg 480w\" sizes=\"(min-width: 0px) and (max-width: 480px) 480px, (min-width: 481px) 800px, 100vw\" \/><span class=\"et_overlay\" data-icon=\"\" data-icon-tablet=\"\" data-icon-phone=\"\"><\/span><\/a><\/div><\/div><div class=\"et_pb_gallery_item et_pb_gallery_item_0_1\"><div class=\"et_pb_gallery_image landscape\" data-per_page=\"4\"><a href=\"https:\/\/abogadosmc.com\/wp-content\/uploads\/2018\/10\/slider_3.jpg\" title=\"\"><img loading=\"lazy\" decoding=\"async\" width=\"1200\" height=\"675\" src=\"https:\/\/abogadosmc.com\/wp-content\/uploads\/2018\/10\/slider_3.jpg\" alt=\"\" class=\"wp-image-8833\" srcset=\"https:\/\/abogadosmc.com\/wp-content\/uploads\/2018\/10\/slider_3.jpg 1200w, https:\/\/abogadosmc.com\/wp-content\/uploads\/2018\/10\/slider_3-980x551.jpg 980w, https:\/\/abogadosmc.com\/wp-content\/uploads\/2018\/10\/slider_3-480x270.jpg 480w\" sizes=\"(min-width: 0px) and (max-width: 480px) 480px, (min-width: 481px) and (max-width: 980px) 980px, (min-width: 981px) 1200px, 100vw\" \/><span class=\"et_overlay\" data-icon=\"\" data-icon-tablet=\"\" data-icon-phone=\"\"><\/span><\/a><\/div><\/div><div class=\"et_pb_gallery_item et_pb_gallery_item_0_2\"><div class=\"et_pb_gallery_image landscape\" data-per_page=\"4\"><a href=\"https:\/\/abogadosmc.com\/wp-content\/uploads\/2018\/10\/inicio-abogados-mc-__.jpg\" title=\"\"><img loading=\"lazy\" decoding=\"async\" width=\"800\" height=\"533\" src=\"https:\/\/abogadosmc.com\/wp-content\/uploads\/2018\/10\/inicio-abogados-mc-__.jpg\" alt=\"\" class=\"wp-image-8849\" srcset=\"https:\/\/abogadosmc.com\/wp-content\/uploads\/2018\/10\/inicio-abogados-mc-__.jpg 800w, https:\/\/abogadosmc.com\/wp-content\/uploads\/2018\/10\/inicio-abogados-mc-__-480x320.jpg 480w\" sizes=\"(min-width: 0px) and (max-width: 480px) 480px, (min-width: 481px) 800px, 100vw\" \/><span class=\"et_overlay\" data-icon=\"\" data-icon-tablet=\"\" data-icon-phone=\"\"><\/span><\/a><\/div><\/div><\/div><\/div>\n\n<div class=\"et_pb_divider_2 et_pb_divider et_pb_space et_pb_divider_position_top et_pb_module\"><div class=\"et_pb_divider_internal\"><\/div><\/div>\n\n<div class=\"et_pb_text_5 et_pb_text et_pb_bg_layout_light et_pb_module et_block_module preset--module--divi-text--default\"><div class=\"et_pb_text_inner\"><h2>SP\u00c9CIALIT\u00c9S<\/h2>\n<\/div><\/div>\n<\/div>\n\n<div class=\"et_pb_column_11 et_pb_column et_pb_column_1_5 et-last-child et_block_column et_pb_column_empty et_pb_css_mix_blend_mode_passthrough\"><\/div>\n<\/div>\n\n<div class=\"et_pb_row_6 et_pb_row et_block_row\">\n<div class=\"et_pb_column_12 et_pb_column et_pb_column_1_2 et_block_column et_pb_css_mix_blend_mode_passthrough\">\n<div class=\"et_pb_blurb_0 et_pb_blurb et_pb_bg_layout_light et_pb_blurb_position_top et_pb_module et_block_module\"><div class=\"et_pb_blurb_content\"><div class=\"et_pb_main_blurb_image\"><a href=\"https:\/\/abogadosmc.com\/derecho-internacional\/\"><span class=\"et_pb_image_wrap et_pb_only_image_mode_wrap\"><img loading=\"lazy\" decoding=\"async\" src=\"https:\/\/abogadosmc.com\/wp-content\/uploads\/2016\/03\/derecho-internacional.jpg\" width=\"800\" height=\"532\" srcset=\"https:\/\/abogadosmc.com\/wp-content\/uploads\/2016\/03\/derecho-internacional.jpg 800w, https:\/\/abogadosmc.com\/wp-content\/uploads\/2016\/03\/derecho-internacional-480x319.jpg 480w\" sizes=\"(min-width: 0px) and (max-width: 480px) 480px, (min-width: 481px) 800px, 100vw\" class=\"et_animated wp-image-7884\" \/><\/span><\/a><\/div><div class=\"et_pb_blurb_container\"><h4 class=\"et_pb_module_header\"><a href=\"https:\/\/abogadosmc.com\/derecho-internacional\/\">DROIT INTERNATIONAL PRIV\u00c9<\/a><\/h4><div class=\"et_pb_blurb_description\"><p><span>Le droit international priv\u00e9 r\u00e9git les rapports entre particuliers, normalement dans leur aspect transnational.<\/span><\/p>\n<\/div><\/div><\/div><\/div>\n\n<div class=\"et_pb_module et_pb_button_module_wrapper et_pb_button_0_wrapper\"><a class=\"et_pb_button_0 et_pb_button et_pb_bg_layout_light et_pb_module et_block_module\" href=\"https:\/\/abogadosmc.com\/derecho-internacional\/\">VER M\u00c1S<\/a><\/div>\n<\/div>\n\n<div class=\"et_pb_column_13 et_pb_column et_pb_column_1_2 et-last-child et_block_column et_pb_css_mix_blend_mode_passthrough\">\n<div class=\"et_pb_blurb_1 et_pb_blurb et_pb_bg_layout_light et_pb_blurb_position_top et_pb_module et_block_module\"><div class=\"et_pb_blurb_content\"><div class=\"et_pb_main_blurb_image\"><a href=\"https:\/\/abogadosmc.com\/derecho-inmobiliario\/\"><span class=\"et_pb_image_wrap et_pb_only_image_mode_wrap\"><img loading=\"lazy\" decoding=\"async\" src=\"https:\/\/abogadosmc.com\/wp-content\/uploads\/2016\/03\/derecho-inmobiliario.jpg\" width=\"800\" height=\"533\" srcset=\"https:\/\/abogadosmc.com\/wp-content\/uploads\/2016\/03\/derecho-inmobiliario.jpg 800w, https:\/\/abogadosmc.com\/wp-content\/uploads\/2016\/03\/derecho-inmobiliario-480x320.jpg 480w\" sizes=\"(min-width: 0px) and (max-width: 480px) 480px, (min-width: 481px) 800px, 100vw\" class=\"et_animated wp-image-7879\" \/><\/span><\/a><\/div><div class=\"et_pb_blurb_container\"><h4 class=\"et_pb_module_header\"><a href=\"https:\/\/abogadosmc.com\/derecho-inmobiliario\/\">DROIT IMMOBILIER HYPOTH\u00c9CAIRE ET D\u2019ENREGISTREMENT<\/a><\/h4><div class=\"et_pb_blurb_description\"><p><span>Nous proposons au particulier, acheteur ou vendeur, une expertise juridique et fiscale pr\u00e9alable \u00e0 l\u2019achat ou \u00e0 la vente d\u2019un bien immobilier.<\/span><\/p>\n<\/div><\/div><\/div><\/div>\n\n<div class=\"et_pb_module et_pb_button_module_wrapper et_pb_button_1_wrapper\"><a class=\"et_pb_button_1 et_pb_button et_pb_bg_layout_light et_pb_module et_block_module\" href=\"https:\/\/abogadosmc.com\/derecho-inmobiliario\/\">VER M\u00c1S<\/a><\/div>\n<\/div>\n<\/div>\n\n<div class=\"et_pb_row_7 et_pb_row et_block_row\">\n<div class=\"et_pb_column_14 et_pb_column et_pb_column_4_4 et-last-child et_block_column et_pb_css_mix_blend_mode_passthrough\">\n<div class=\"et_pb_text_6 et_pb_text et_pb_bg_layout_light et_pb_module et_block_module preset--module--divi-text--default\"><div class=\"et_pb_text_inner\"><h2>AUTRES DOMAINES<\/h2>\n<\/div><\/div>\n<\/div>\n<\/div>\n\n<div class=\"et_pb_row_8 et_pb_row et_block_row\">\n<div class=\"et_pb_column_15 et_pb_column et_pb_column_1_2 et_block_column et_pb_css_mix_blend_mode_passthrough\">\n<div class=\"et_pb_blurb_2 et_pb_blurb et_pb_bg_layout_light et_pb_blurb_position_top et_pb_module et_block_module\"><div class=\"et_pb_blurb_content\"><div class=\"et_pb_main_blurb_image\"><a href=\"https:\/\/abogadosmc.com\/derecho-civil\/\"><span class=\"et_pb_image_wrap et_pb_only_image_mode_wrap\"><img loading=\"lazy\" decoding=\"async\" src=\"https:\/\/abogadosmc.com\/wp-content\/uploads\/2016\/03\/derecho-civil.jpg\" width=\"800\" height=\"533\" srcset=\"https:\/\/abogadosmc.com\/wp-content\/uploads\/2016\/03\/derecho-civil.jpg 800w, https:\/\/abogadosmc.com\/wp-content\/uploads\/2016\/03\/derecho-civil-480x320.jpg 480w\" sizes=\"(min-width: 0px) and (max-width: 480px) 480px, (min-width: 481px) 800px, 100vw\" class=\"et_animated wp-image-7887\" \/><\/span><\/a><\/div><div class=\"et_pb_blurb_container\"><h4 class=\"et_pb_module_header\"><a href=\"https:\/\/abogadosmc.com\/derecho-civil\/\">DROIT CIVIL<\/a><\/h4><div class=\"et_pb_blurb_description\"><div class=\"wpb_text_column wpb_content_element \">\n<div class=\"wpb_wrapper\">\n<p>Nos professionnels ont l\u2019exp\u00e9rience n\u00e9cessaire pour affronter les questions juridiques qui, compte tenu la complexit\u00e9 et de l\u2019extension de cette discipline du droit, n\u00e9cessitent l\u2019intervention de professionnels constamment tenus \u00e0 jour dans les mati\u00e8res du droit civil.<\/p>\n<\/div>\n<\/div>\n<\/div><\/div><\/div><\/div>\n\n<div class=\"et_pb_module et_pb_button_module_wrapper et_pb_button_2_wrapper\"><a class=\"et_pb_button_2 et_pb_button et_pb_bg_layout_light et_pb_module et_block_module\" href=\"https:\/\/abogadosmc.com\/derecho-civil\/\">VER M\u00c1S<\/a><\/div>\n<\/div>\n\n<div class=\"et_pb_column_16 et_pb_column et_pb_column_1_2 et-last-child et_block_column et_pb_css_mix_blend_mode_passthrough\">\n<div class=\"et_pb_blurb_3 et_pb_blurb et_pb_bg_layout_light et_pb_blurb_position_top et_pb_module et_block_module\"><div class=\"et_pb_blurb_content\"><div class=\"et_pb_main_blurb_image\"><a href=\"https:\/\/abogadosmc.com\/derecho-civil\/#merc\"><span class=\"et_pb_image_wrap et_pb_only_image_mode_wrap\"><img loading=\"lazy\" decoding=\"async\" src=\"https:\/\/abogadosmc.com\/wp-content\/uploads\/2016\/03\/derecho-mercantil.jpg\" width=\"800\" height=\"534\" srcset=\"https:\/\/abogadosmc.com\/wp-content\/uploads\/2016\/03\/derecho-mercantil.jpg 800w, https:\/\/abogadosmc.com\/wp-content\/uploads\/2016\/03\/derecho-mercantil-480x320.jpg 480w\" sizes=\"(min-width: 0px) and (max-width: 480px) 480px, (min-width: 481px) 800px, 100vw\" class=\"et_animated wp-image-7889\" \/><\/span><\/a><\/div><div class=\"et_pb_blurb_container\"><h4 class=\"et_pb_module_header\"><a href=\"https:\/\/abogadosmc.com\/derecho-civil\/#merc\">DROIT DES AFFAIRES<\/a><\/h4><div class=\"et_pb_blurb_description\"><p><span>Notre cabinet juridique dispose de professionnels sp\u00e9cialis\u00e9s qui travaillent sous un mod\u00e8le de collaboration professionnelle.<\/span><\/p>\n<\/div><\/div><\/div><\/div>\n\n<div class=\"et_pb_module et_pb_button_module_wrapper et_pb_button_3_wrapper\"><a class=\"et_pb_button_3 et_pb_button et_pb_bg_layout_light et_pb_module et_block_module\" href=\"https:\/\/abogadosmc.com\/derecho-civil\/#merc\">VER M\u00c1S<\/a><\/div>\n<\/div>\n<\/div>\n<\/div>\n\n<div class=\"et_pb_section_2 et_pb_section et_section_regular et_block_section\">\n<div class=\"et_pb_row_9 et_pb_row et_block_row\">\n<div class=\"et_pb_column_17 et_pb_column et_pb_column_4_4 et-last-child et_block_column et_pb_css_mix_blend_mode_passthrough\">\n<div class=\"et_pb_text_7 et_pb_text et_pb_bg_layout_light et_pb_module et_block_module preset--module--divi-text--default\"><div class=\"et_pb_text_inner\"><h2>Des solutions \u00e0 la mesure de chaque client. Implication et transparence.<\/h2>\n<\/div><\/div>\n<\/div>\n<\/div>\n<\/div>","protected":false},"excerpt":{"rendered":"","protected":false},"author":1,"featured_media":0,"parent":0,"menu_order":0,"comment_status":"closed","ping_status":"closed","template":"","meta":{"footnotes":""},"class_list":["post-8870","page","type-page","status-publish","hentry"],"_links":{"self":[{"href":"https:\/\/abogadosmc.com\/fr\/wp-json\/wp\/v2\/pages\/8870","targetHints":{"allow":["GET"]}}],"collection":[{"href":"https:\/\/abogadosmc.com\/fr\/wp-json\/wp\/v2\/pages"}],"about":[{"href":"https:\/\/abogadosmc.com\/fr\/wp-json\/wp\/v2\/types\/page"}],"author":[{"embeddable":true,"href":"https:\/\/abogadosmc.com\/fr\/wp-json\/wp\/v2\/users\/1"}],"replies":[{"embeddable":true,"href":"https:\/\/abogadosmc.com\/fr\/wp-json\/wp\/v2\/comments?post=8870"}],"version-history":[{"count":5,"href":"https:\/\/abogadosmc.com\/fr\/wp-json\/wp\/v2\/pages\/8870\/revisions"}],"predecessor-version":[{"id":9088,"href":"https:\/\/abogadosmc.com\/fr\/wp-json\/wp\/v2\/pages\/8870\/revisions\/9088"}],"wp:attachment":[{"href":"https:\/\/abogadosmc.com\/fr\/wp-json\/wp\/v2\/media?parent=8870"}],"curies":[{"name":"wp","href":"https:\/\/api.w.org\/{rel}","templated":true}]}}