{"id":8909,"date":"2014-12-09T10:05:00","date_gmt":"2014-12-09T10:05:00","guid":{"rendered":"https:\/\/abogadosmc.com\/contacto\/"},"modified":"2021-06-10T09:44:29","modified_gmt":"2021-06-10T09:44:29","slug":"contacto","status":"publish","type":"page","link":"https:\/\/abogadosmc.com\/fr\/contacto\/","title":{"rendered":"CONTACT"},"content":{"rendered":"<p>[et_pb_section fb_built=\u00a0\u00bb1&Prime; _builder_version=\u00a0\u00bb4.9.4&Prime; _module_preset=\u00a0\u00bbdefault\u00a0\u00bb background_color=\u00a0\u00bbrgba(165,0,5,0)\u00a0\u00bb background_image=\u00a0\u00bbhttps:\/\/abogadosmc.com\/wp-content\/uploads\/2021\/06\/Header.jpg\u00a0\u00bb][et_pb_row _builder_version=\u00a0\u00bb4.9.4&Prime; _module_preset=\u00a0\u00bbdefault\u00a0\u00bb][et_pb_column type=\u00a0\u00bb4_4&Prime; _builder_version=\u00a0\u00bb4.9.4&Prime; _module_preset=\u00a0\u00bbdefault\u00a0\u00bb][et_pb_text _builder_version=\u00a0\u00bb4.9.4&Prime; _module_preset=\u00a0\u00bbdefault\u00a0\u00bb header_font=\u00a0\u00bb|600|||||||\u00a0\u00bb header_text_align=\u00a0\u00bbcenter\u00a0\u00bb header_text_color=\u00a0\u00bb#FFFFFF\u00a0\u00bb header_font_size=\u00a0\u00bb33px\u00a0\u00bb]<\/p>\n<h1>CONTACT<\/h1>\n<p>[\/et_pb_text][\/et_pb_column][\/et_pb_row][\/et_pb_section][et_pb_section fb_built=\u00a0\u00bb1&Prime; admin_label=\u00a0\u00bbsection\u00a0\u00bb _builder_version=\u00a0\u00bb3.22&Prime;][et_pb_row column_structure=\u00a0\u00bb1_5,3_5,1_5&Prime; admin_label=\u00a0\u00bbrow\u00a0\u00bb _builder_version=\u00a0\u00bb3.25&Prime; background_size=\u00a0\u00bbinitial\u00a0\u00bb background_position=\u00a0\u00bbtop_left\u00a0\u00bb background_repeat=\u00a0\u00bbrepeat\u00a0\u00bb][et_pb_column type=\u00a0\u00bb1_5&Prime; _builder_version=\u00a0\u00bb3.25&Prime; custom_padding=\u00a0\u00bb|||\u00a0\u00bb custom_padding__hover=\u00a0\u00bb|||\u00a0\u00bb][\/et_pb_column][et_pb_column type=\u00a0\u00bb3_5&Prime; _builder_version=\u00a0\u00bb3.25&Prime; custom_padding=\u00a0\u00bb|||\u00a0\u00bb custom_padding__hover=\u00a0\u00bb|||\u00a0\u00bb][et_pb_text _builder_version=\u00a0\u00bb4.9.4&Prime; _module_preset=\u00a0\u00bbdefault\u00a0\u00bb header_text_align=\u00a0\u00bbcenter\u00a0\u00bb custom_margin=\u00a0\u00bb||-3px|||\u00a0\u00bb hover_enabled=\u00a0\u00bb0&Prime; sticky_enabled=\u00a0\u00bb0&Prime;]<\/p>\n<h1>CONTACT<\/h1>\n<p>[\/et_pb_text][et_pb_image src=\u00a0\u00bbhttps:\/\/abogadosmc.com\/wp-content\/uploads\/2021\/06\/separador.jpg\u00a0\u00bb align=\u00a0\u00bbcenter\u00a0\u00bb _builder_version=\u00a0\u00bb4.9.4&Prime; _module_preset=\u00a0\u00bbdefault\u00a0\u00bb][\/et_pb_image][\/et_pb_column][et_pb_column type=\u00a0\u00bb1_5&Prime; _builder_version=\u00a0\u00bb3.25&Prime; custom_padding=\u00a0\u00bb|||\u00a0\u00bb custom_padding__hover=\u00a0\u00bb|||\u00a0\u00bb][\/et_pb_column][\/et_pb_row][et_pb_row column_structure=\u00a0\u00bb3_5,2_5&Prime; _builder_version=\u00a0\u00bb4.9.4&Prime; _module_preset=\u00a0\u00bbdefault\u00a0\u00bb][et_pb_column type=\u00a0\u00bb3_5&Prime; _builder_version=\u00a0\u00bb4.9.4&Prime; _module_preset=\u00a0\u00bbdefault\u00a0\u00bb][et_pb_code _builder_version=\u00a0\u00bb4.9.4&Prime; _module_preset=\u00a0\u00bbdefault\u00a0\u00bb]<iframe src=\"https:\/\/www.google.com\/maps\/embed?pb=!1m14!1m8!1m3!1d7061.043143614923!2d-15.579408!3d27.762899!3m2!1i1024!2i768!4f13.1!3m3!1m2!1s0xc3f62bbd1a2ea19%3A0x22553a2d8ac780d7!2sAv.%20de%20Tirajana%2C%2037%2C%2035100%20Maspalomas%2C%20Las%20Palmas!5e0!3m2!1ses!2ses!4v1623255747549!5m2!1ses!2ses\" width=\"100%\" height=\"375\" style=\"border:0;\" allowfullscreen=\"\" loading=\"lazy\"><\/iframe>[\/et_pb_code][\/et_pb_column][et_pb_column type=\u00a0\u00bb2_5&Prime; _builder_version=\u00a0\u00bb4.9.4&Prime; _module_preset=\u00a0\u00bbdefault\u00a0\u00bb][et_pb_text _builder_version=\u00a0\u00bb4.9.4&Prime; _module_preset=\u00a0\u00bbdefault\u00a0\u00bb hover_enabled=\u00a0\u00bb0&Prime; sticky_enabled=\u00a0\u00bb0&Prime;]<\/p>\n<h3>POSEZ-NOUS VOTRE QUESTION<\/h3>\n<p><strong>Direcci\u00f3n:<br \/><\/strong>\u00a0Avda. de Tirajana, 37. Edif. Mercurio, Torre II, 2\u00ba I, 35100\u00a0Playa del Ingl\u00e9s, Las Palmas<\/p>\n<p><strong>Email:<br \/><\/strong>info@abogadosmc.com<\/p>\n<p><strong>Tel\u00e9fono:<br \/><\/strong>(+34) 928 778 756 | 638 798 492<\/p>\n<p><strong>Fax:<br \/><\/strong>(+34) 928 778 954<\/p>\n<p><strong>Horario:<br \/><\/strong>Lunes-Viernes :\u00a0<span>10:00 horas a 17:00 horas<\/span><\/p>\n<p>Para concertar cita , llamar previamente o enviar e-mail.<\/p>\n<p>[\/et_pb_text][\/et_pb_column][\/et_pb_row][et_pb_row _builder_version=\u00a0\u00bb4.9.4&Prime; _module_preset=\u00a0\u00bbdefault\u00a0\u00bb][et_pb_column type=\u00a0\u00bb4_4&Prime; _builder_version=\u00a0\u00bb4.9.4&Prime; _module_preset=\u00a0\u00bbdefault\u00a0\u00bb][et_pb_text _builder_version=\u00a0\u00bb4.9.4&Prime; _module_preset=\u00a0\u00bbdefault\u00a0\u00bb animation_style=\u00a0\u00bbzoom\u00a0\u00bb hover_enabled=\u00a0\u00bb0&Prime; sticky_enabled=\u00a0\u00bb0&Prime;]<\/p>\n<div id=\"page-wrap\">\n<div id=\"content\" class=\"post-5727 page type-page status-publish hentry\">\n<div class=\"vc_row wpb_row vc_row-fluid\">\n<div class=\"container\">\n<div class=\"wpb_column vc_column_container vc_col-sm-8\">\n<div class=\"vc_column-inner\">\n<div class=\"wpb_wrapper\">\n<div class=\"wpb_text_column wpb_content_element  wpb_animate_when_almost_visible wpb_appear appear wpb_start_animation animated\">\n<div class=\"wpb_wrapper\">\n<blockquote>\n<h2>Appelez-nous au (0034) 928 778 756. Nous serons enchant\u00e9s de vous accompagner.<\/h2>\n<h2>Des solutions \u00e0 la mesure de chaque client. Implication et transparence.<\/h2>\n<\/blockquote>\n<\/div>\n<\/div>\n<\/div>\n<\/div>\n<\/div>\n<\/div>\n<\/div>\n<\/div>\n<\/div>\n<p>[\/et_pb_text][\/et_pb_column][\/et_pb_row][\/et_pb_section]<\/p>\n","protected":false},"excerpt":{"rendered":"<p>CONTACTCONTACTPOSEZ-NOUS VOTRE QUESTION Direcci\u00f3n:\u00a0Avda. de Tirajana, 37. Edif. Mercurio, Torre II, 2\u00ba I, 35100\u00a0Playa del Ingl\u00e9s, Las Palmas Email:info@abogadosmc.com Tel\u00e9fono:(+34) 928 778 756 | 638 798 492 Fax:(+34) 928 778 954 Horario:Lunes-Viernes :\u00a010:00 horas a 17:00 horas Para concertar cita , llamar previamente o enviar e-mail. Appelez-nous au (0034) 928 778 756. Nous serons enchant\u00e9s [&hellip;]<\/p>\n","protected":false},"author":1,"featured_media":0,"parent":0,"menu_order":0,"comment_status":"open","ping_status":"open","template":"","meta":{"_et_pb_use_builder":"on","_et_pb_old_content":"[:es][vc_row css=\".vc_custom_1459414503751{margin-top: 40px !important;}\"][vc_column][vc_row_inner][vc_column_inner width=\"1\/6\"][\/vc_column_inner][vc_column_inner width=\"2\/3\"][separator headline=\"h1\" style=\"center\" width_style=\"short\" title=\"D\u00d3NDE ESTAMOS\"][\/vc_column_inner][vc_column_inner width=\"1\/6\"][\/vc_column_inner][\/vc_row_inner][\/vc_column][\/vc_row][vc_row css=\".vc_custom_1430338831721{margin-bottom: 40px !important;padding-top: 55px !important;}\"][vc_column width=\"2\/3\"][vc_column_text]<iframe style=\"border: 0;\" src=\"https:\/\/www.google.com\/maps\/embed?pb=!1m18!1m12!1m3!1d3530.5205393434508!2d-15.581404384545644!3d27.762930829653076!2m3!1f0!2f0!3f0!3m2!1i1024!2i768!4f13.1!3m3!1m2!1s0xc3f62bbd1a2ea19%3A0x22553a2d8ac780d7!2sAv.+de+Tirajana%2C+37%2C+35100+Maspalomas%2C+Las+Palmas!5e0!3m2!1ses!2ses!4v1459414275479\" width=\"100%\" height=\"450\" frameborder=\"0\" allowfullscreen=\"allowfullscreen\"><\/iframe>[\/vc_column_text][\/vc_column][vc_column width=\"1\/3\"][vc_column_text]\r\n<h3>Informaci\u00f3n de Contacto<\/h3>\r\n<strong>Direcci\u00f3n:\r\n<\/strong>\u00a0Avda. de Tirajana, 37. Edif. Mercurio, Torre II, 2\u00ba I, 35100\u00a0Playa del Ingl\u00e9s, Las Palmas\r\n\r\n<strong>Email:\r\n<\/strong>info@abogadosmc.com\r\n\r\n<strong>Tel\u00e9fono:\r\n<\/strong>(+34) 928 778 756 | 638 798 492\r\n\r\n<strong>Fax:\r\n<\/strong>(+34) 928 778 954\r\n\r\n<strong>Horario:\r\n<\/strong>Lunes-Viernes :\u00a0<span style=\"line-height: 1.5;\">10:00 horas a 17:00 horas<\/span>\r\n\r\nPara concertar cita , llamar previamente o enviar e-mail.[\/vc_column_text][\/vc_column][\/vc_row][vc_row][vc_column width=\"1\/6\"][\/vc_column][vc_column width=\"2\/3\"][vc_column_text css_animation=\"appear\"]\r\n<blockquote>\r\n<h2>Ll\u00e1menos al \u00a0(0034) 928 778 756 o env\u00ede un email info@abogadosmc.com. Estaremos encantados de atenderle.<\/h2>\r\n<\/blockquote>\r\n<strong>\u00a0<\/strong>[\/vc_column_text][\/vc_column][vc_column width=\"1\/6\"][\/vc_column][\/vc_row][:fr][vc_row css=\".vc_custom_1459414503751{margin-top: 40px !important;}\"][vc_column][vc_row_inner][vc_column_inner width=\"1\/6\"][\/vc_column_inner][vc_column_inner width=\"2\/3\"][separator headline=\"h1\" style=\"center\" width_style=\"short\" title=\"O\u00d9 SOMMES-NOUS\"][\/vc_column_inner][vc_column_inner width=\"1\/6\"][\/vc_column_inner][\/vc_row_inner][\/vc_column][\/vc_row][vc_row css=\".vc_custom_1430338831721{margin-bottom: 40px !important;padding-top: 55px !important;}\"][vc_column width=\"2\/3\"][vc_column_text]<iframe style=\"border: 0;\" src=\"https:\/\/www.google.com\/maps\/embed?pb=!1m18!1m12!1m3!1d3530.5205393434508!2d-15.581404384545644!3d27.762930829653076!2m3!1f0!2f0!3f0!3m2!1i1024!2i768!4f13.1!3m3!1m2!1s0xc3f62bbd1a2ea19%3A0x22553a2d8ac780d7!2sAv.+de+Tirajana%2C+37%2C+35100+Maspalomas%2C+Las+Palmas!5e0!3m2!1ses!2ses!4v1459414275479\" width=\"100%\" height=\"450\" frameborder=\"0\" allowfullscreen=\"allowfullscreen\"><\/iframe>[\/vc_column_text][\/vc_column][vc_column width=\"1\/3\"][vc_column_text]\r\n<h3>POSEZ-NOUS VOTRE QUESTION<\/h3>\r\n<strong>Direcci\u00f3n:\r\n<\/strong>\u00a0Avda. de Tirajana, 37. Edif. Mercurio, Torre II, 2\u00ba I, 35100\u00a0Playa del Ingl\u00e9s, Las Palmas\r\n\r\n<strong>Email:\r\n<\/strong>info@abogadosmc.com\r\n\r\n<strong>Tel\u00e9fono:\r\n<\/strong>(+34) 928 778 756 | 638 798 492\r\n\r\n<strong>Fax:\r\n<\/strong>(+34) 928 778 954\r\n\r\n<strong>Horario:\r\n<\/strong>Lunes-Viernes :\u00a0<span style=\"line-height: 1.5;\">10:00 horas a 17:00 horas<\/span>\r\n\r\nPara concertar cita , llamar previamente o enviar e-mail.[\/vc_column_text][\/vc_column][\/vc_row][vc_row][vc_column width=\"1\/6\"][\/vc_column][vc_column width=\"2\/3\"][vc_column_text css_animation=\"appear\"]\r\n<blockquote>\r\n<h2>Appelez-nous au (0034) 928 778 756. Nous serons enchant\u00e9s de vous accompagner.<\/h2>\r\n<h2>Des solutions \u00e0 la mesure de chaque client. Implication et transparence.<\/h2>\r\n<\/blockquote>\r\n<strong>\u00a0<\/strong>[\/vc_column_text][\/vc_column][vc_column width=\"1\/6\"][\/vc_column][\/vc_row][:de][vc_row css=\".vc_custom_1459414503751{margin-top: 40px !important;}\"][vc_column][vc_row_inner][vc_column_inner width=\"1\/6\"][\/vc_column_inner][vc_column_inner width=\"2\/3\"][separator headline=\"h1\" style=\"center\" width_style=\"short\" title=\"UNSER STANDORT\"][\/vc_column_inner][vc_column_inner width=\"1\/6\"][\/vc_column_inner][\/vc_row_inner][\/vc_column][\/vc_row][vc_row css=\".vc_custom_1430338831721{margin-bottom: 40px !important;padding-top: 55px !important;}\"][vc_column width=\"2\/3\"][vc_column_text]<iframe style=\"border: 0;\" src=\"https:\/\/www.google.com\/maps\/embed?pb=!1m18!1m12!1m3!1d3530.5205393434508!2d-15.581404384545644!3d27.762930829653076!2m3!1f0!2f0!3f0!3m2!1i1024!2i768!4f13.1!3m3!1m2!1s0xc3f62bbd1a2ea19%3A0x22553a2d8ac780d7!2sAv.+de+Tirajana%2C+37%2C+35100+Maspalomas%2C+Las+Palmas!5e0!3m2!1ses!2ses!4v1459414275479\" width=\"100%\" height=\"450\" frameborder=\"0\" allowfullscreen=\"allowfullscreen\"><\/iframe>[\/vc_column_text][\/vc_column][vc_column width=\"1\/3\"][vc_column_text]\r\n<h3>Schicken Sie uns Ihre Anfrage<\/h3>\r\n<strong>Direcci\u00f3n:\r\n<\/strong>\u00a0Avda. de Tirajana, 37. Edif. Mercurio, Torre II, 2\u00ba I, 35100\u00a0Playa del Ingl\u00e9s, Las Palmas\r\n\r\n<strong>Email:\r\n<\/strong>info@abogadosmc.com\r\n\r\n<strong>Tel\u00e9fono:\r\n<\/strong>(+34) 928 778 756 | 638 798 492\r\n\r\n<strong>Fax:\r\n<\/strong>(+34) 928 778 954\r\n\r\n<strong>Horario:\r\n<\/strong>Lunes-Viernes :\u00a0<span style=\"line-height: 1.5;\">10:00 horas a 17:00 horas<\/span>\r\n\r\nPara concertar cita , llamar previamente o enviar e-mail.[\/vc_column_text][\/vc_column][\/vc_row][vc_row][vc_column width=\"1\/6\"][\/vc_column][vc_column width=\"2\/3\"][vc_column_text css_animation=\"appear\"]\r\n<blockquote>\r\n<h2>Rufen Sie uns an unter (0034) 928 778 756. Wir stehen Ihnen gerne zu Diensten.<\/h2>\r\n<h2>Ma\u00dfgeschneiderte L\u00f6sungen f\u00fcr jeden Klienten. Einbeziehung und Transparenz.<\/h2>\r\n<\/blockquote>\r\n[\/vc_column_text][\/vc_column][vc_column width=\"1\/6\"][\/vc_column][\/vc_row][:en][vc_row css=\".vc_custom_1459414503751{margin-top: 40px !important;}\"][vc_column][vc_row_inner][vc_column_inner width=\"1\/6\"][\/vc_column_inner][vc_column_inner width=\"2\/3\"][separator headline=\"h1\" style=\"center\" width_style=\"short\" title=\"LOCATION\"][\/vc_column_inner][vc_column_inner width=\"1\/6\"][\/vc_column_inner][\/vc_row_inner][\/vc_column][\/vc_row][vc_row css=\".vc_custom_1430338831721{margin-bottom: 40px !important;padding-top: 55px !important;}\"][vc_column width=\"2\/3\"][vc_column_text]<iframe style=\"border: 0;\" src=\"https:\/\/www.google.com\/maps\/embed?pb=!1m18!1m12!1m3!1d3530.5205393434508!2d-15.581404384545644!3d27.762930829653076!2m3!1f0!2f0!3f0!3m2!1i1024!2i768!4f13.1!3m3!1m2!1s0xc3f62bbd1a2ea19%3A0x22553a2d8ac780d7!2sAv.+de+Tirajana%2C+37%2C+35100+Maspalomas%2C+Las+Palmas!5e0!3m2!1ses!2ses!4v1459414275479\" width=\"100%\" height=\"450\" frameborder=\"0\" allowfullscreen=\"allowfullscreen\"><\/iframe>[\/vc_column_text][\/vc_column][vc_column width=\"1\/3\"][vc_column_text]\r\n<h3>Informaci\u00f3n de Contacto<\/h3>\r\n<strong>Direcci\u00f3n:\r\n<\/strong>\u00a0Avda. de Tirajana, 37. Edif. Mercurio, Torre II, 2\u00ba I, 35100\u00a0Playa del Ingl\u00e9s, Las Palmas\r\n\r\n<strong>Email:\r\n<\/strong>info@abogadosmc.com\r\n\r\n<strong>Tel\u00e9fono:\r\n<\/strong>(+34) 928 778 756 | 638 798 492\r\n\r\n<strong>Fax:\r\n<\/strong>(+34) 928 778 954\r\n\r\n<strong>Horario:\r\n<\/strong>Lunes-Viernes :\u00a0<span style=\"line-height: 1.5;\">10:00 horas a 17:00 horas<\/span>\r\n\r\nPara concertar cita , llamar previamente o enviar e-mail.[\/vc_column_text][\/vc_column][\/vc_row][vc_row][vc_column width=\"1\/6\"][\/vc_column][vc_column width=\"2\/3\"][vc_column_text css_animation=\"appear\"]\r\n<blockquote>\r\n<h2>To contact us, call (0034) 928 778 756. We will be happy to assist you.<\/h2>\r\n<\/blockquote>\r\n<strong>\u00a0<\/strong>[\/vc_column_text][\/vc_column][vc_column width=\"1\/6\"][\/vc_column][\/vc_row][:No][vc_row css=\".vc_custom_1459414503751{margin-top: 40px !important;}\"][vc_column][vc_row_inner][vc_column_inner width=\"1\/6\"][\/vc_column_inner][vc_column_inner width=\"2\/3\"][separator headline=\"h1\" style=\"center\" width_style=\"short\" title=\"HVOR VI ER\"][\/vc_column_inner][vc_column_inner width=\"1\/6\"][\/vc_column_inner][\/vc_row_inner][\/vc_column][\/vc_row][vc_row css=\".vc_custom_1430338831721{margin-bottom: 40px !important;padding-top: 55px !important;}\"][vc_column width=\"2\/3\"][vc_column_text]<iframe style=\"border: 0;\" src=\"https:\/\/www.google.com\/maps\/embed?pb=!1m18!1m12!1m3!1d3530.5205393434508!2d-15.581404384545644!3d27.762930829653076!2m3!1f0!2f0!3f0!3m2!1i1024!2i768!4f13.1!3m3!1m2!1s0xc3f62bbd1a2ea19%3A0x22553a2d8ac780d7!2sAv.+de+Tirajana%2C+37%2C+35100+Maspalomas%2C+Las+Palmas!5e0!3m2!1ses!2ses!4v1459414275479\" width=\"100%\" height=\"450\" frameborder=\"0\" allowfullscreen=\"allowfullscreen\"><\/iframe>[\/vc_column_text][\/vc_column][vc_column width=\"1\/3\"][vc_column_text]\r\n<h3>Informaci\u00f3n de Contacto<\/h3>\r\n<strong>Direcci\u00f3n:\r\n<\/strong>\u00a0Avda. de Tirajana, 37. Edif. Mercurio, Torre II, 2\u00ba I, 35100\u00a0Playa del Ingl\u00e9s, Las Palmas\r\n\r\n<strong>Email:\r\n<\/strong>info@abogadosmc.com\r\n\r\n<strong>Tel\u00e9fono:\r\n<\/strong>(+34) 928 778 756 | 638 798 492\r\n\r\n<strong>Fax:\r\n<\/strong>(+34) 928 778 954\r\n\r\n<strong>Horario:\r\n<\/strong>Lunes-Viernes :\u00a0<span style=\"line-height: 1.5;\">10:00 horas a 17:00 horas<\/span>\r\n\r\nPara concertar cita , llamar previamente o enviar e-mail.[\/vc_column_text][\/vc_column][\/vc_row][vc_row][vc_column width=\"1\/6\"][\/vc_column][vc_column width=\"2\/3\"][vc_column_text css_animation=\"appear\"]\r\n<blockquote>\r\n<h2>Ring oss p\u00e5 (0034) 928 778 756. Vi vil gjerne bist\u00e5 deg.<\/h2>\r\n<\/blockquote>\r\n<strong>\u00a0<\/strong>[\/vc_column_text][\/vc_column][vc_column width=\"1\/6\"][\/vc_column][\/vc_row][:]","_et_gb_content_width":"","footnotes":""},"class_list":["post-8909","page","type-page","status-publish","hentry"],"_links":{"self":[{"href":"https:\/\/abogadosmc.com\/fr\/wp-json\/wp\/v2\/pages\/8909","targetHints":{"allow":["GET"]}}],"collection":[{"href":"https:\/\/abogadosmc.com\/fr\/wp-json\/wp\/v2\/pages"}],"about":[{"href":"https:\/\/abogadosmc.com\/fr\/wp-json\/wp\/v2\/types\/page"}],"author":[{"embeddable":true,"href":"https:\/\/abogadosmc.com\/fr\/wp-json\/wp\/v2\/users\/1"}],"replies":[{"embeddable":true,"href":"https:\/\/abogadosmc.com\/fr\/wp-json\/wp\/v2\/comments?post=8909"}],"version-history":[{"count":3,"href":"https:\/\/abogadosmc.com\/fr\/wp-json\/wp\/v2\/pages\/8909\/revisions"}],"predecessor-version":[{"id":9017,"href":"https:\/\/abogadosmc.com\/fr\/wp-json\/wp\/v2\/pages\/8909\/revisions\/9017"}],"wp:attachment":[{"href":"https:\/\/abogadosmc.com\/fr\/wp-json\/wp\/v2\/media?parent=8909"}],"curies":[{"name":"wp","href":"https:\/\/api.w.org\/{rel}","templated":true}]}}