{"id":9033,"date":"2016-04-04T15:52:46","date_gmt":"2016-04-04T15:52:46","guid":{"rendered":"https:\/\/abogadosmc.com\/lopd\/"},"modified":"2016-04-04T15:52:46","modified_gmt":"2016-04-04T15:52:46","slug":"lopd","status":"publish","type":"page","link":"https:\/\/abogadosmc.com\/fr\/lopd\/","title":{"rendered":"lopd"},"content":{"rendered":"<p>[et_pb_section fb_built=\u00a0\u00bb1&Prime; _builder_version=\u00a0\u00bb4.9.4&Prime; _module_preset=\u00a0\u00bbdefault\u00a0\u00bb background_color=\u00a0\u00bbrgba(165,0,5,0)\u00a0\u00bb background_image=\u00a0\u00bbhttps:\/\/abogadosmc.com\/wp-content\/uploads\/2021\/06\/Header.jpg\u00a0\u00bb][et_pb_row _builder_version=\u00a0\u00bb4.9.4&Prime; _module_preset=\u00a0\u00bbdefault\u00a0\u00bb][et_pb_column type=\u00a0\u00bb4_4&Prime; _builder_version=\u00a0\u00bb4.9.4&Prime; _module_preset=\u00a0\u00bbdefault\u00a0\u00bb][et_pb_text _builder_version=\u00a0\u00bb4.9.4&Prime; _module_preset=\u00a0\u00bbdefault\u00a0\u00bb header_font=\u00a0\u00bb|600|||||||\u00a0\u00bb header_text_align=\u00a0\u00bbcenter\u00a0\u00bb header_text_color=\u00a0\u00bb#FFFFFF\u00a0\u00bb header_font_size=\u00a0\u00bb33px\u00a0\u00bb hover_enabled=\u00a0\u00bb0&Prime; sticky_enabled=\u00a0\u00bb0&Prime;]<\/p>\n<h1>LOPD<\/h1>\n<p>[\/et_pb_text][\/et_pb_column][\/et_pb_row][\/et_pb_section][et_pb_section fb_built=\u00a0\u00bb1&Prime; admin_label=\u00a0\u00bbsection\u00a0\u00bb _builder_version=\u00a0\u00bb3.22&Prime;][et_pb_row admin_label=\u00a0\u00bbrow\u00a0\u00bb _builder_version=\u00a0\u00bb3.25&Prime; background_size=\u00a0\u00bbinitial\u00a0\u00bb background_position=\u00a0\u00bbtop_left\u00a0\u00bb background_repeat=\u00a0\u00bbrepeat\u00a0\u00bb][et_pb_column type=\u00a0\u00bb4_4&Prime; _builder_version=\u00a0\u00bb3.25&Prime; custom_padding=\u00a0\u00bb|||\u00a0\u00bb custom_padding__hover=\u00a0\u00bb|||\u00a0\u00bb][et_pb_text admin_label=\u00a0\u00bbText\u00a0\u00bb _builder_version=\u00a0\u00bb4.9.4&Prime; background_size=\u00a0\u00bbinitial\u00a0\u00bb background_position=\u00a0\u00bbtop_left\u00a0\u00bb background_repeat=\u00a0\u00bbrepeat\u00a0\u00bb hover_enabled=\u00a0\u00bb0&Prime; sticky_enabled=\u00a0\u00bb0&Prime;]<\/p>\n<p><strong>POL\u00cdTICA DE PRIVACIDAD<\/strong><\/p>\n<p>RODRIGUEZ DE CASTRO ABOGADOS es la responsable del tratamiento y de conformidad con lo establecido en el Reglamento (UE) 2016\/679 del Parlamento Europeo y del Consejo de 27 de abril de 2016 y la Ley Org\u00e1nica 3\/2018 de Protecci\u00f3n de Datos y Garant\u00eda de los Derechos Digitales, garantiza la seguridad y confidencialidad de los datos facilitados por sus clientes<\/p>\n<p>RODRIGUEZ DE CASTRO ABOGADOS informa que los datos personales facilitados a trav\u00e9s de los formularios de esta Web o mediante mensajes de correo electr\u00f3nico, ser\u00e1n incorporados en unos tratamientos de RODRIGUEZ DE CASTRO ABOGADOS y ser\u00e1n tratados de manera informatizada y en papel.<\/p>\n<p>Mediante el env\u00edo de los formularios existentes en esta Web el remitente da su consentimiento para ser incluido en el mencionado tratamiento con el objeto de suministrarle la informaci\u00f3n solicitada en los formularios o suscripciones.<\/p>\n<p>En el caso de que el usuario decida cumplimentar alg\u00fan formulario de este sitio Web d\u00f3nde se recaben datos de car\u00e1cter personal se le informa que RODRIGUEZ DE CASTRO ABOGADOS adoptar\u00e1 las medidas de \u00edndole t\u00e9cnica y organizativa necesarias que garanticen la seguridad de los datos suministrados a fin de evitar alteraciones, p\u00e9rdidas, tratamientos o accesos no autorizados, conforme al estado actual de la tecnolog\u00eda y de acuerdo con lo establecido por la normativa vigente.<\/p>\n<p>RODRIGUEZ DE CASTRO ABOGADOS sin embargo no puede garantizar la absoluta inexpugnabilidad del sistema, la red de acceso, Internet y por tanto la violaci\u00f3n de los datos mediante accesos fraudulentos a ellos por parte de terceros.<\/p>\n<p>El sitio web contiene enlaces a sitios web de terceros con pol\u00edticas de privacidad ajenas a la de RODRIGUEZ DE CASTRO ABOGADOS que usted podr\u00e1 decidir si acepta o no cuando acceda a ellos.<\/p>\n<p>El usuario responder\u00e1 en cualquier caso de la veracidad de la informaci\u00f3n suministrada y se hace responsable de comunicar a RODRIGUEZ DE CASTRO ABOGADOS cualquier modificaci\u00f3n sobre la misma, quedando RODRIGUEZ DE CASTRO ABOGADOS exenta de cualquier responsabilidad en este sentido.<\/p>\n<p>La finalidad del tratamiento es:<\/p>\n<ul>\n<li>Servir como soporte de informaci\u00f3n a la gesti\u00f3n de las comunicaciones y relaciones comerciales por v\u00eda electr\u00f3nica. En cuanto a la legitimaci\u00f3n del tratamiento estar\u00e1 regulada por el consentimiento del afectado y por el inter\u00e9s leg\u00edtimo del responsable. Los datos proporcionados se conservar\u00e1n hasta para dar soporte a su solicitud, la revocaci\u00f3n del consentimiento o durante los a\u00f1os necesarios para cumplir con las obligaciones legales. La empresa no ceder\u00e1 datos salvo obligaci\u00f3n legal.<\/li>\n<\/ul>\n<p>En el caso de que no nos facilite sus datos personales no podremos gestionar su solicitud<\/p>\n<p>Si lo desea puede dirigirse a RODRIGUEZ DE CASTRO ABOGADOS, domiciliada en Avenida de Tirajana, 37, Edif. Mercurio, Torre II, 2\u00ba I, , 35100 de Playa del Ingl\u00e9s (Las Palmas), Espa\u00f1a., con una copia de DNI o documento acreditativo equivalentecon el fin de ejercer los siguientes derechos:<\/p>\n<ul>\n<li>Derecho de acceso: derecho a obtener confirmaci\u00f3n sobre si RODRIGUEZ DE CASTRO ABOGADOS est\u00e1 tratando datos personales que le conciernen y, en tal caso, acceder a los mismos.<\/li>\n<li>Derecho de portabilidad: derecho a recibir los datos personales que nos haya facilitado en un formato estructurado de uso com\u00fan y legible, as\u00ed como a transmitirlo a otra entidad.<\/li>\n<li>Derecho de rectificaci\u00f3n: derecho a solicitar la rectificaci\u00f3n de los datos cuando sean inexactos.<\/li>\n<li>Derecho de supresi\u00f3n: derecho a solicitar la supresi\u00f3n de los datos cuando ya no sean necesarios para los fines que fueron facilitados en su momento.<\/li>\n<li>Derecho de oposici\u00f3n: derecho a oponerte al tratamiento de tus datos personales. RODRIGUEZ DE CASTRO ABOGADOS dejar\u00e1 de tratar los datos, salvo por motivos leg\u00edtimos o en el ejercicio de posibles reclamaciones.<\/li>\n<li>Derecho a la limitaci\u00f3n del tratamiento: derecho a solicitar la limitaci\u00f3n del tratamiento de sus datos.<\/li>\n<\/ul>\n<p>Por otro lado, si lo ha facilitado, tendr\u00e1 derecho a retirar el consentimiento prestado en cualquier momento y el derecho a reclamar ante la Agencia Espa\u00f1ola de Protecci\u00f3n de Datos.<\/p>\n<p>[\/et_pb_text][\/et_pb_column][\/et_pb_row][\/et_pb_section]<\/p>\n","protected":false},"excerpt":{"rendered":"<p>LOPDPOL\u00cdTICA DE PRIVACIDAD RODRIGUEZ DE CASTRO ABOGADOS es la responsable del tratamiento y de conformidad con lo establecido en el Reglamento (UE) 2016\/679 del Parlamento Europeo y del Consejo de 27 de abril de 2016 y la Ley Org\u00e1nica 3\/2018 de Protecci\u00f3n de Datos y Garant\u00eda de los Derechos Digitales, garantiza la seguridad y confidencialidad [&hellip;]<\/p>\n","protected":false},"author":1,"featured_media":0,"parent":0,"menu_order":0,"comment_status":"closed","ping_status":"closed","template":"","meta":{"_et_pb_use_builder":"on","_et_pb_old_content":"[:es][vc_row css=\".vc_custom_1459785071121{margin-top: 40px !important;margin-bottom: 40px !important;}\"][vc_column][vc_row_inner][vc_column_inner][vc_column_text]<strong>POL\u00cdTICA DE PRIVACIDAD<\/strong>\n\nRODRIGUEZ DE CASTRO ABOGADOS es la responsable del tratamiento y de conformidad con lo establecido en el Reglamento (UE) 2016\/679 del Parlamento Europeo y del Consejo de 27 de abril de 2016 y la Ley Org\u00e1nica 3\/2018 de Protecci\u00f3n de Datos y Garant\u00eda de los Derechos Digitales, garantiza la seguridad y confidencialidad de los datos facilitados por sus clientes\n\nRODRIGUEZ DE CASTRO ABOGADOS informa que los datos personales facilitados a trav\u00e9s de los formularios de esta Web o mediante mensajes de correo electr\u00f3nico, ser\u00e1n incorporados en unos tratamientos de RODRIGUEZ DE CASTRO ABOGADOS y ser\u00e1n tratados de manera informatizada y en papel.\n\nMediante el env\u00edo de los formularios existentes en esta Web el remitente da su consentimiento para ser incluido en el mencionado tratamiento con el objeto de suministrarle la informaci\u00f3n solicitada en los formularios o suscripciones.\n\nEn el caso de que el usuario decida cumplimentar alg\u00fan formulario de este sitio Web d\u00f3nde se recaben datos de car\u00e1cter personal se le informa que RODRIGUEZ DE CASTRO ABOGADOS adoptar\u00e1 las medidas de \u00edndole t\u00e9cnica y organizativa necesarias que garanticen la seguridad de los datos suministrados a fin de evitar alteraciones, p\u00e9rdidas, tratamientos o accesos no autorizados, conforme al estado actual de la tecnolog\u00eda y de acuerdo con lo establecido por la normativa vigente.\n\nRODRIGUEZ DE CASTRO ABOGADOS sin embargo no puede garantizar la absoluta inexpugnabilidad del sistema, la red de acceso, Internet y por tanto la violaci\u00f3n de los datos mediante accesos fraudulentos a ellos por parte de terceros.\n\nEl sitio web contiene enlaces a sitios web de terceros con pol\u00edticas de privacidad ajenas a la de RODRIGUEZ DE CASTRO ABOGADOS que usted podr\u00e1 decidir si acepta o no cuando acceda a ellos.\n\nEl usuario responder\u00e1 en cualquier caso de la veracidad de la informaci\u00f3n suministrada y se hace responsable de comunicar a RODRIGUEZ DE CASTRO ABOGADOS cualquier modificaci\u00f3n sobre la misma, quedando RODRIGUEZ DE CASTRO ABOGADOS exenta de cualquier responsabilidad en este sentido.\n\nLa finalidad del tratamiento es:\n<ul>\n \t<li>Servir como soporte de informaci\u00f3n a la gesti\u00f3n de las comunicaciones y relaciones comerciales por v\u00eda electr\u00f3nica. En cuanto a la legitimaci\u00f3n del tratamiento estar\u00e1 regulada por el consentimiento del afectado y por el inter\u00e9s leg\u00edtimo del responsable. Los datos proporcionados se conservar\u00e1n hasta para dar soporte a su solicitud, la revocaci\u00f3n del consentimiento o durante los a\u00f1os necesarios para cumplir con las obligaciones legales. La empresa no ceder\u00e1 datos salvo obligaci\u00f3n legal.<\/li>\n<\/ul>\nEn el caso de que no nos facilite sus datos personales no podremos gestionar su solicitud\n\nSi lo desea puede dirigirse a RODRIGUEZ DE CASTRO ABOGADOS, domiciliada en Avenida de Tirajana, 37, Edif. Mercurio, Torre II, 2\u00ba I, , 35100 de Playa del Ingl\u00e9s (Las Palmas), Espa\u00f1a., con una copia de DNI o documento acreditativo equivalentecon el fin de ejercer los siguientes derechos:\n<ul>\n \t<li>Derecho de acceso: derecho a obtener confirmaci\u00f3n sobre si RODRIGUEZ DE CASTRO ABOGADOS est\u00e1 tratando datos personales que le conciernen y, en tal caso, acceder a los mismos.<\/li>\n \t<li>Derecho de portabilidad: derecho a recibir los datos personales que nos haya facilitado en un formato estructurado de uso com\u00fan y legible, as\u00ed como a transmitirlo a otra entidad.<\/li>\n \t<li>Derecho de rectificaci\u00f3n: derecho a solicitar la rectificaci\u00f3n de los datos cuando sean inexactos.<\/li>\n \t<li>Derecho de supresi\u00f3n: derecho a solicitar la supresi\u00f3n de los datos cuando ya no sean necesarios para los fines que fueron facilitados en su momento.<\/li>\n \t<li>Derecho de oposici\u00f3n: derecho a oponerte al tratamiento de tus datos personales. RODRIGUEZ DE CASTRO ABOGADOS dejar\u00e1 de tratar los datos, salvo por motivos leg\u00edtimos o en el ejercicio de posibles reclamaciones.<\/li>\n \t<li>Derecho a la limitaci\u00f3n del tratamiento: derecho a solicitar la limitaci\u00f3n del tratamiento de sus datos.<\/li>\n<\/ul>\nPor otro lado, si lo ha facilitado, tendr\u00e1 derecho a retirar el consentimiento prestado en cualquier momento y el derecho a reclamar ante la Agencia Espa\u00f1ola de Protecci\u00f3n de Datos.\n\n[\/vc_column_text][\/vc_column_inner][\/vc_row_inner][\/vc_column][\/vc_row][:fr][vc_row css=\".vc_custom_1459785071121{margin-top: 40px !important;margin-bottom: 40px !important;}\"][vc_column][vc_row_inner][vc_column_inner][vc_column_text]Identidad: MARIA DEL CARMEN RODRIGUEZ DE CASTRO - CIF: 27909931Y - Dir. postal: AVDA. DE TIRAJANA, 37 EDIF. MERCURIO, TORRE II, 2\u00ba I - C.P. 35100 - Tel\u00e9fono: 928778756 -\u00a0 Correo electr\u00f3nico: info@abogadosmc.com\n\nEn nombre de la empresa tratamos la informaci\u00f3n que nos facilita con el fin de prestarles el servicio de gesti\u00f3n de los datos de los usuarios que comunican con la empresa a trav\u00e9s del sitio web.Los datos proporcionados se conservar\u00e1n hasta la revocaci\u00f3n del consentimiento o durantelos a\u00f1os necesarios para cumplir con las obligaciones legales.\n\nEl interesado ha sido informado para ser incluido en el mencionado tratamiento,\u00a0 haci\u00e9ndose responsables de la veracidad de los mismos y las modificaciones que sufran en el futuro. En cuanto a la legitimaci\u00f3n del tratamiento estar\u00e1 regulada por el consentimiento del interesado.\n\nSi lo desea, puede dirigirse a la empresa con el fin de ejercer los derechos de acceso, rectificaci\u00f3n, supresi\u00f3n y portabilidad de sus datos y la limitaci\u00f3n u oposici\u00f3n a su tratamiento. Por otro lado tendr\u00e1 derecho a retirar el consentimiento prestado y derecho a reclamar ante la Agencia Espa\u00f1ola de Protecci\u00f3n de Datos.\n\nLas categor\u00edas de datos que se tratan son datos de identificaci\u00f3n, direcciones postales o electr\u00f3nicas, y no se tratan datos especialmente protegidos y el origen de los datos es por el propio interesado o su representante legal y usuarios ser\u00e1n los colectivos interesados a tal fin.[\/vc_column_text][\/vc_column_inner][\/vc_row_inner][\/vc_column][\/vc_row][:de][vc_row css=\".vc_custom_1459785071121{margin-top: 40px !important;margin-bottom: 40px !important;}\"][vc_column][vc_row_inner][vc_column_inner][vc_column_text]Identidad: MARIA DEL CARMEN RODRIGUEZ DE CASTRO - CIF: 27909931Y - Dir. postal: AVDA. DE TIRAJANA, 37 EDIF. MERCURIO, TORRE II, 2\u00ba I - C.P. 35100 - Tel\u00e9fono: 928778756 -\u00a0 Correo electr\u00f3nico: info@abogadosmc.com\n\nEn nombre de la empresa tratamos la informaci\u00f3n que nos facilita con el fin de prestarles el servicio de gesti\u00f3n de los datos de los usuarios que comunican con la empresa a trav\u00e9s del sitio web.Los datos proporcionados se conservar\u00e1n hasta la revocaci\u00f3n del consentimiento o durantelos a\u00f1os necesarios para cumplir con las obligaciones legales.\n\nEl interesado ha sido informado para ser incluido en el mencionado tratamiento,\u00a0 haci\u00e9ndose responsables de la veracidad de los mismos y las modificaciones que sufran en el futuro. En cuanto a la legitimaci\u00f3n del tratamiento estar\u00e1 regulada por el consentimiento del interesado.\n\nSi lo desea, puede dirigirse a la empresa con el fin de ejercer los derechos de acceso, rectificaci\u00f3n, supresi\u00f3n y portabilidad de sus datos y la limitaci\u00f3n u oposici\u00f3n a su tratamiento. Por otro lado tendr\u00e1 derecho a retirar el consentimiento prestado y derecho a reclamar ante la Agencia Espa\u00f1ola de Protecci\u00f3n de Datos.\n\nLas categor\u00edas de datos que se tratan son datos de identificaci\u00f3n, direcciones postales o electr\u00f3nicas, y no se tratan datos especialmente protegidos y el origen de los datos es por el propio interesado o su representante legal y usuarios ser\u00e1n los colectivos interesados a tal fin.[\/vc_column_text][\/vc_column_inner][\/vc_row_inner][\/vc_column][\/vc_row][:en][vc_row css=\".vc_custom_1459785071121{margin-top: 40px !important;margin-bottom: 40px !important;}\"][vc_column][vc_row_inner][vc_column_inner][vc_column_text]Identidad: MARIA DEL CARMEN RODRIGUEZ DE CASTRO - CIF: 27909931Y - Dir. postal: AVDA. DE TIRAJANA, 37 EDIF. MERCURIO, TORRE II, 2\u00ba I - C.P. 35100 - Tel\u00e9fono: 928778756 -\u00a0 Correo electr\u00f3nico: info@abogadosmc.com\n\nEn nombre de la empresa tratamos la informaci\u00f3n que nos facilita con el fin de prestarles el servicio de gesti\u00f3n de los datos de los usuarios que comunican con la empresa a trav\u00e9s del sitio web.Los datos proporcionados se conservar\u00e1n hasta la revocaci\u00f3n del consentimiento o durantelos a\u00f1os necesarios para cumplir con las obligaciones legales.\n\nEl interesado ha sido informado para ser incluido en el mencionado tratamiento,\u00a0 haci\u00e9ndose responsables de la veracidad de los mismos y las modificaciones que sufran en el futuro. En cuanto a la legitimaci\u00f3n del tratamiento estar\u00e1 regulada por el consentimiento del interesado.\n\nSi lo desea, puede dirigirse a la empresa con el fin de ejercer los derechos de acceso, rectificaci\u00f3n, supresi\u00f3n y portabilidad de sus datos y la limitaci\u00f3n u oposici\u00f3n a su tratamiento. Por otro lado tendr\u00e1 derecho a retirar el consentimiento prestado y derecho a reclamar ante la Agencia Espa\u00f1ola de Protecci\u00f3n de Datos.\n\nLas categor\u00edas de datos que se tratan son datos de identificaci\u00f3n, direcciones postales o electr\u00f3nicas, y no se tratan datos especialmente protegidos y el origen de los datos es por el propio interesado o su representante legal y usuarios ser\u00e1n los colectivos interesados a tal fin.[\/vc_column_text][\/vc_column_inner][\/vc_row_inner][\/vc_column][\/vc_row][:No][vc_row css=\".vc_custom_1459785071121{margin-top: 40px !important;margin-bottom: 40px !important;}\"][vc_column][vc_row_inner][vc_column_inner][vc_column_text]Identidad: MARIA DEL CARMEN RODRIGUEZ DE CASTRO - CIF: 27909931Y - Dir. postal: AVDA. DE TIRAJANA, 37 EDIF. MERCURIO, TORRE II, 2\u00ba I - C.P. 35100 - Tel\u00e9fono: 928778756 -\u00a0 Correo electr\u00f3nico: info@abogadosmc.com\n\nEn nombre de la empresa tratamos la informaci\u00f3n que nos facilita con el fin de prestarles el servicio de gesti\u00f3n de los datos de los usuarios que comunican con la empresa a trav\u00e9s del sitio web.Los datos proporcionados se conservar\u00e1n hasta la revocaci\u00f3n del consentimiento o durantelos a\u00f1os necesarios para cumplir con las obligaciones legales.\n\nEl interesado ha sido informado para ser incluido en el mencionado tratamiento,\u00a0 haci\u00e9ndose responsables de la veracidad de los mismos y las modificaciones que sufran en el futuro. En cuanto a la legitimaci\u00f3n del tratamiento estar\u00e1 regulada por el consentimiento del interesado.\n\nSi lo desea, puede dirigirse a la empresa con el fin de ejercer los derechos de acceso, rectificaci\u00f3n, supresi\u00f3n y portabilidad de sus datos y la limitaci\u00f3n u oposici\u00f3n a su tratamiento. Por otro lado tendr\u00e1 derecho a retirar el consentimiento prestado y derecho a reclamar ante la Agencia Espa\u00f1ola de Protecci\u00f3n de Datos.\n\nLas categor\u00edas de datos que se tratan son datos de identificaci\u00f3n, direcciones postales o electr\u00f3nicas, y no se tratan datos especialmente protegidos y el origen de los datos es por el propio interesado o su representante legal y usuarios ser\u00e1n los colectivos interesados a tal fin.[\/vc_column_text][\/vc_column_inner][\/vc_row_inner][\/vc_column][\/vc_row][:]","_et_gb_content_width":"","footnotes":""},"class_list":["post-9033","page","type-page","status-publish","hentry"],"_links":{"self":[{"href":"https:\/\/abogadosmc.com\/fr\/wp-json\/wp\/v2\/pages\/9033","targetHints":{"allow":["GET"]}}],"collection":[{"href":"https:\/\/abogadosmc.com\/fr\/wp-json\/wp\/v2\/pages"}],"about":[{"href":"https:\/\/abogadosmc.com\/fr\/wp-json\/wp\/v2\/types\/page"}],"author":[{"embeddable":true,"href":"https:\/\/abogadosmc.com\/fr\/wp-json\/wp\/v2\/users\/1"}],"replies":[{"embeddable":true,"href":"https:\/\/abogadosmc.com\/fr\/wp-json\/wp\/v2\/comments?post=9033"}],"version-history":[{"count":0,"href":"https:\/\/abogadosmc.com\/fr\/wp-json\/wp\/v2\/pages\/9033\/revisions"}],"wp:attachment":[{"href":"https:\/\/abogadosmc.com\/fr\/wp-json\/wp\/v2\/media?parent=9033"}],"curies":[{"name":"wp","href":"https:\/\/api.w.org\/{rel}","templated":true}]}}